{"id":3968,"date":"2026-05-04T21:17:38","date_gmt":"2026-05-04T19:17:38","guid":{"rendered":"https:\/\/www.curiamolacorruzione.it\/blog\/avviso-medico\/"},"modified":"2026-05-04T21:17:38","modified_gmt":"2026-05-04T19:17:38","slug":"avviso-medico","status":"publish","type":"page","link":"https:\/\/www.curiamolacorruzione.it\/blog\/avviso-medico\/","title":{"rendered":"Avviso medico"},"content":{"rendered":"<h1>Disclaimer medico<\/h1>\n<p>Le informazioni presenti sul sito <a href=\"https:\/\/www.curiamolacorruzione.it\/blog\">Farmacia Curiamo<\/a> sono fornite esclusivamente a scopo informativo e didattico generale. Nulla di quanto pubblicato sul sito deve essere interpretato come consiglio medico, diagnosi o invito a intraprendere, modificare o interrompere terapie o trattamenti senza consultare un professionista sanitario qualificato.<\/p>\n<h2>Informazioni non sostitutive del parere medico<\/h2>\n<p>I contenuti di questo sito non sostituiscono in alcun modo il parere, la valutazione e le indicazioni personalizzate di un medico o di un farmacista. Prima di iniziare, modificare o sospendere qualsiasi terapia farmacologica o integratore, \u00e8 fondamentale consultare un medico o un farmacista qualificato che conosca la storia clinica individuale e le possibili interazioni farmacologiche.<\/p>\n<h2>Descrizioni dei prodotti e quadro normativo<\/h2>\n<p>Le descrizioni dei prodotti pubblicate su questo sito sono elaborate nel rispetto delle restrizioni e dei limiti previsti dal quadro giuridico nazionale vigente, in particolare dal D.lgs. 219\/2006 e dalle relative norme che disciplinano la pubblicit\u00e0 e l&#8217;informazione sui medicinali.<\/p>\n<h2>Limitazioni di responsabilit\u00e0<\/h2>\n<ul>\n<li>Farmacia Curiamo non si assume responsabilit\u00e0 per danni derivanti dall&#8217;autoprescrizione, dall&#8217;automedicazione o dall&#8217;utilizzo improprio delle informazioni presenti sul sito.<\/li>\n<li>Le informazioni fornite potrebbero non essere aggiornate in tempo reale; per valutazioni cliniche e decisioni terapeutiche fate sempre riferimento a un operatore sanitario qualificato.<\/li>\n<\/ul>\n<h2>Emergenze<\/h2>\n<p>In caso di emergenza sanitaria chiamare immediatamente il numero di emergenza nazionale 118. Per le emergenze generali \u00e8 disponibile anche il numero 112.<\/p>\n<h2>Contatti per quesiti sui contenuti medici<\/h2>\n<p>Per domande relative ai contenuti di natura medica e farmacologica \u00e8 possibile contattare la nostra redazione via email: <a href=\"mailto:farmacia@curiamolacorruzione.it\">farmacia@curiamolacorruzione.it<\/a>.<\/p>\n<h2>Informazioni editoriali<\/h2>\n<p>Per ulteriori informazioni editoriali o richieste generali potete contattarci al numero +39 345 511 1255 o presso la nostra corrispondenza: Largo Giuseppe Toniolo, 8, 00186 Roma. L&#8217;orario dell&#8217;ufficio redazionale \u00e8 dal luned\u00ec al venerd\u00ec, 09:00\u201318:00 (esclusi i giorni festivi).<\/p>\n","protected":false},"excerpt":{"rendered":"<p>Disclaimer medico Le informazioni presenti sul sito Farmacia Curiamo sono fornite esclusivamente a scopo informativo e didattico generale. Nulla di quanto pubblicato sul sito deve essere interpretato come consiglio medico, diagnosi o invito a intraprendere, modificare o interrompere terapie o trattamenti senza consultare un professionista sanitario qualificato. Informazioni non sostitutive del parere medico I contenuti [&hellip;]<\/p>\n","protected":false},"author":1,"featured_media":0,"parent":0,"menu_order":0,"comment_status":"closed","ping_status":"closed","template":"","meta":{"footnotes":""},"class_list":["post-3968","page","type-page","status-publish","hentry"],"yoast_head":"<!-- This site is optimized with the Yoast SEO plugin v27.5 - https:\/\/yoast.com\/product\/yoast-seo-wordpress\/ -->\n<title>Avviso medico &#8211; Blog CuriamolaCorruzione<\/title>\n<meta name=\"robots\" content=\"index, follow, max-snippet:-1, max-image-preview:large, max-video-preview:-1\" \/>\n<link rel=\"canonical\" href=\"https:\/\/www.curiamolacorruzione.it\/blog\/avviso-medico\/\" \/>\n<meta property=\"og:locale\" content=\"it_IT\" \/>\n<meta property=\"og:type\" content=\"article\" \/>\n<meta property=\"og:title\" content=\"Avviso medico &#8211; Blog CuriamolaCorruzione\" \/>\n<meta property=\"og:description\" content=\"Disclaimer medico Le informazioni presenti sul sito Farmacia Curiamo sono fornite esclusivamente a scopo informativo e didattico generale. Nulla di quanto pubblicato sul sito deve essere interpretato come consiglio medico, diagnosi o invito a intraprendere, modificare o interrompere terapie o trattamenti senza consultare un professionista sanitario qualificato. Informazioni non sostitutive del parere medico I contenuti [&hellip;]\" \/>\n<meta property=\"og:url\" content=\"https:\/\/www.curiamolacorruzione.it\/blog\/avviso-medico\/\" \/>\n<meta property=\"og:site_name\" content=\"Blog CuriamolaCorruzione\" \/>\n<meta property=\"og:image\" content=\"https:\/\/www.curiamolacorruzione.it\/blog\/wp-content\/uploads\/2023\/11\/curiamo_la_corruzione_logo.png\" \/>\n\t<meta property=\"og:image:width\" content=\"361\" \/>\n\t<meta property=\"og:image:height\" content=\"52\" \/>\n\t<meta property=\"og:image:type\" content=\"image\/png\" \/>\n<meta name=\"twitter:card\" content=\"summary_large_image\" \/>\n<meta name=\"twitter:label1\" content=\"Tempo di lettura stimato\" \/>\n\t<meta name=\"twitter:data1\" content=\"1 minuto\" \/>\n<script type=\"application\/ld+json\" class=\"yoast-schema-graph\">{\"@context\":\"https:\\\/\\\/schema.org\",\"@graph\":[{\"@type\":\"WebPage\",\"@id\":\"https:\\\/\\\/www.curiamolacorruzione.it\\\/blog\\\/avviso-medico\\\/\",\"url\":\"https:\\\/\\\/www.curiamolacorruzione.it\\\/blog\\\/avviso-medico\\\/\",\"name\":\"Avviso medico &#8211; Blog CuriamolaCorruzione\",\"isPartOf\":{\"@id\":\"https:\\\/\\\/www.curiamolacorruzione.it\\\/blog\\\/#website\"},\"datePublished\":\"2026-05-04T19:17:38+00:00\",\"breadcrumb\":{\"@id\":\"https:\\\/\\\/www.curiamolacorruzione.it\\\/blog\\\/avviso-medico\\\/#breadcrumb\"},\"inLanguage\":\"it-IT\",\"potentialAction\":[{\"@type\":\"ReadAction\",\"target\":[\"https:\\\/\\\/www.curiamolacorruzione.it\\\/blog\\\/avviso-medico\\\/\"]}]},{\"@type\":\"BreadcrumbList\",\"@id\":\"https:\\\/\\\/www.curiamolacorruzione.it\\\/blog\\\/avviso-medico\\\/#breadcrumb\",\"itemListElement\":[{\"@type\":\"ListItem\",\"position\":1,\"name\":\"\u0413\u043b\u0430\u0432\u043d\u0430\u044f \u0441\u0442\u0440\u0430\u043d\u0438\u0446\u0430\",\"item\":\"https:\\\/\\\/www.curiamolacorruzione.it\\\/blog\\\/\"},{\"@type\":\"ListItem\",\"position\":2,\"name\":\"Avviso medico\"}]},{\"@type\":\"WebSite\",\"@id\":\"https:\\\/\\\/www.curiamolacorruzione.it\\\/blog\\\/#website\",\"url\":\"https:\\\/\\\/www.curiamolacorruzione.it\\\/blog\\\/\",\"name\":\"Blog CuriamolaCorruzione\",\"description\":\"\",\"publisher\":{\"@id\":\"https:\\\/\\\/www.curiamolacorruzione.it\\\/blog\\\/#organization\"},\"potentialAction\":[{\"@type\":\"SearchAction\",\"target\":{\"@type\":\"EntryPoint\",\"urlTemplate\":\"https:\\\/\\\/www.curiamolacorruzione.it\\\/blog\\\/?s={search_term_string}\"},\"query-input\":{\"@type\":\"PropertyValueSpecification\",\"valueRequired\":true,\"valueName\":\"search_term_string\"}}],\"inLanguage\":\"it-IT\"},{\"@type\":\"Organization\",\"@id\":\"https:\\\/\\\/www.curiamolacorruzione.it\\\/blog\\\/#organization\",\"name\":\"Blog CuriamolaCorruzione\",\"url\":\"https:\\\/\\\/www.curiamolacorruzione.it\\\/blog\\\/\",\"logo\":{\"@type\":\"ImageObject\",\"inLanguage\":\"it-IT\",\"@id\":\"https:\\\/\\\/www.curiamolacorruzione.it\\\/blog\\\/#\\\/schema\\\/logo\\\/image\\\/\",\"url\":\"https:\\\/\\\/www.curiamolacorruzione.it\\\/blog\\\/wp-content\\\/uploads\\\/2023\\\/11\\\/curiamo_la_corruzione_logo.png\",\"contentUrl\":\"https:\\\/\\\/www.curiamolacorruzione.it\\\/blog\\\/wp-content\\\/uploads\\\/2023\\\/11\\\/curiamo_la_corruzione_logo.png\",\"width\":361,\"height\":52,\"caption\":\"Blog CuriamolaCorruzione\"},\"image\":{\"@id\":\"https:\\\/\\\/www.curiamolacorruzione.it\\\/blog\\\/#\\\/schema\\\/logo\\\/image\\\/\"}}]}<\/script>\n<!-- \/ Yoast SEO plugin. -->","yoast_head_json":{"title":"Avviso medico &#8211; Blog CuriamolaCorruzione","robots":{"index":"index","follow":"follow","max-snippet":"max-snippet:-1","max-image-preview":"max-image-preview:large","max-video-preview":"max-video-preview:-1"},"canonical":"https:\/\/www.curiamolacorruzione.it\/blog\/avviso-medico\/","og_locale":"it_IT","og_type":"article","og_title":"Avviso medico &#8211; Blog CuriamolaCorruzione","og_description":"Disclaimer medico Le informazioni presenti sul sito Farmacia Curiamo sono fornite esclusivamente a scopo informativo e didattico generale. Nulla di quanto pubblicato sul sito deve essere interpretato come consiglio medico, diagnosi o invito a intraprendere, modificare o interrompere terapie o trattamenti senza consultare un professionista sanitario qualificato. Informazioni non sostitutive del parere medico I contenuti [&hellip;]","og_url":"https:\/\/www.curiamolacorruzione.it\/blog\/avviso-medico\/","og_site_name":"Blog CuriamolaCorruzione","og_image":[{"width":361,"height":52,"url":"https:\/\/www.curiamolacorruzione.it\/blog\/wp-content\/uploads\/2023\/11\/curiamo_la_corruzione_logo.png","type":"image\/png"}],"twitter_card":"summary_large_image","twitter_misc":{"Tempo di lettura stimato":"1 minuto"},"schema":{"@context":"https:\/\/schema.org","@graph":[{"@type":"WebPage","@id":"https:\/\/www.curiamolacorruzione.it\/blog\/avviso-medico\/","url":"https:\/\/www.curiamolacorruzione.it\/blog\/avviso-medico\/","name":"Avviso medico &#8211; Blog CuriamolaCorruzione","isPartOf":{"@id":"https:\/\/www.curiamolacorruzione.it\/blog\/#website"},"datePublished":"2026-05-04T19:17:38+00:00","breadcrumb":{"@id":"https:\/\/www.curiamolacorruzione.it\/blog\/avviso-medico\/#breadcrumb"},"inLanguage":"it-IT","potentialAction":[{"@type":"ReadAction","target":["https:\/\/www.curiamolacorruzione.it\/blog\/avviso-medico\/"]}]},{"@type":"BreadcrumbList","@id":"https:\/\/www.curiamolacorruzione.it\/blog\/avviso-medico\/#breadcrumb","itemListElement":[{"@type":"ListItem","position":1,"name":"\u0413\u043b\u0430\u0432\u043d\u0430\u044f \u0441\u0442\u0440\u0430\u043d\u0438\u0446\u0430","item":"https:\/\/www.curiamolacorruzione.it\/blog\/"},{"@type":"ListItem","position":2,"name":"Avviso medico"}]},{"@type":"WebSite","@id":"https:\/\/www.curiamolacorruzione.it\/blog\/#website","url":"https:\/\/www.curiamolacorruzione.it\/blog\/","name":"Blog CuriamolaCorruzione","description":"","publisher":{"@id":"https:\/\/www.curiamolacorruzione.it\/blog\/#organization"},"potentialAction":[{"@type":"SearchAction","target":{"@type":"EntryPoint","urlTemplate":"https:\/\/www.curiamolacorruzione.it\/blog\/?s={search_term_string}"},"query-input":{"@type":"PropertyValueSpecification","valueRequired":true,"valueName":"search_term_string"}}],"inLanguage":"it-IT"},{"@type":"Organization","@id":"https:\/\/www.curiamolacorruzione.it\/blog\/#organization","name":"Blog CuriamolaCorruzione","url":"https:\/\/www.curiamolacorruzione.it\/blog\/","logo":{"@type":"ImageObject","inLanguage":"it-IT","@id":"https:\/\/www.curiamolacorruzione.it\/blog\/#\/schema\/logo\/image\/","url":"https:\/\/www.curiamolacorruzione.it\/blog\/wp-content\/uploads\/2023\/11\/curiamo_la_corruzione_logo.png","contentUrl":"https:\/\/www.curiamolacorruzione.it\/blog\/wp-content\/uploads\/2023\/11\/curiamo_la_corruzione_logo.png","width":361,"height":52,"caption":"Blog CuriamolaCorruzione"},"image":{"@id":"https:\/\/www.curiamolacorruzione.it\/blog\/#\/schema\/logo\/image\/"}}]}},"_links":{"self":[{"href":"https:\/\/www.curiamolacorruzione.it\/blog\/wp-json\/wp\/v2\/pages\/3968","targetHints":{"allow":["GET"]}}],"collection":[{"href":"https:\/\/www.curiamolacorruzione.it\/blog\/wp-json\/wp\/v2\/pages"}],"about":[{"href":"https:\/\/www.curiamolacorruzione.it\/blog\/wp-json\/wp\/v2\/types\/page"}],"author":[{"embeddable":true,"href":"https:\/\/www.curiamolacorruzione.it\/blog\/wp-json\/wp\/v2\/users\/1"}],"replies":[{"embeddable":true,"href":"https:\/\/www.curiamolacorruzione.it\/blog\/wp-json\/wp\/v2\/comments?post=3968"}],"version-history":[{"count":0,"href":"https:\/\/www.curiamolacorruzione.it\/blog\/wp-json\/wp\/v2\/pages\/3968\/revisions"}],"wp:attachment":[{"href":"https:\/\/www.curiamolacorruzione.it\/blog\/wp-json\/wp\/v2\/media?parent=3968"}],"curies":[{"name":"wp","href":"https:\/\/api.w.org\/{rel}","templated":true}]}}