{"id":3,"date":"2023-11-29T23:47:22","date_gmt":"2023-11-29T22:47:22","guid":{"rendered":"https:\/\/www.curiamolacorruzione.it\/blog\/?page_id=3"},"modified":"2026-05-04T21:17:42","modified_gmt":"2026-05-04T19:17:42","slug":"privacy-policy","status":"publish","type":"page","link":"https:\/\/www.curiamolacorruzione.it\/blog\/privacy-policy\/","title":{"rendered":"Privacy Policy"},"content":{"rendered":"<h1>Informativa sulla privacy &#8211; Farmacia Curiamo<\/h1>\n<p>La presente Informativa descrive le modalit\u00e0 di raccolta, utilizzo e protezione dei dati personali da parte di Farmacia Curiamo, operatore di un servizio informativo-editoriale accessibile tramite il dominio curiamolacorruzione.it e la sua pagina pubblica https:\/\/www.curiamolacorruzione.it\/blog. Farmacia Curiamo fornisce contenuti a scopo informativo e di approfondimento: non \u00e8 una farmacia, non vende n\u00e9 commercializza prodotti e non effettua operazioni di vendita, spedizione o consegna di beni.<\/p>\n<h2>Identit\u00e0 dell&#8217;operatore<\/h2>\n<p><strong>Farmacia Curiamo<\/strong><br \/>\nIndirizzo di corrispondenza: Largo Giuseppe Toniolo, 8, 00186 Roma<br \/>\nEmail editoriale: farmacia@curiamolacorruzione.it<br \/>\nTelefono editoriale: +39 345 511 1255<\/p>\n<p>Questi recapiti sono destinati esclusivamente a comunicazioni editoriali, legali e per i titolari dei diritti; non costituiscono un indirizzo di vendita, punto di ritiro merci o di consegna prodotti.<\/p>\n<h2>Premessa legale<\/h2>\n<p>La presente informativa \u00e8 redatta in conformit\u00e0 al Regolamento (UE) 2016\/679 (Regolamento generale sulla protezione dei dati, \u201cGDPR\u201d) e alla normativa nazionale vigente in materia di protezione dei dati personali (Codice in materia di protezione dei dati personali, D.lgs. 196\/2003, come modificato dal D.lgs. 101\/2018). Questa pagina spiega le categorie di dati che possono essere trattate, le finalit\u00e0 del trattamento e i diritti degli interessati.<\/p>\n<h2>Servizio informativo, non una farmacia<\/h2>\n<p>Farmacia Curiamo \u00e8 un servizio editoriale e informativo. Non \u00e8 una farmacia, non \u00e8 un rivenditore e non vende, stocca, spedisce o consegna prodotti. Qualsiasi indirizzo, numero di telefono o email pubblicati sul sito, incluso Largo Giuseppe Toniolo, 8, 00186 Roma, appartiene all&#8217;operatore del servizio informativo e non pu\u00f2 essere usato per inviare ordini, resi o spedizioni di merci.<\/p>\n<h2>Dati raccolti durante la navigazione<\/h2>\n<p>Quando un utente si limita a leggere i contenuti, il sito pu\u00f2 trattare dati tecnici relativi al dispositivo e alla connessione, quali indirizzo IP (parzialmente anonimizzato ove applicabile), tipo di browser, sistema operativo, pagine visitate, data e ora di accesso, e dati raccolti tramite cookie e strumenti di web analytics. Tali dati sono necessari per garantire il funzionamento del sito, per finalit\u00e0 statistiche aggregate e per migliorare l&#8217;esperienza di navigazione.<\/p>\n<h2>Dati raccolti tramite interazione<\/h2>\n<p>Se l&#8217;utente utilizza moduli di contatto, lascia commenti o invia richieste editoriali, Farmacia Curiamo potr\u00e0 raccogliere i dati forniti volontariamente dall&#8217;utente, quali nome, indirizzo email e il contenuto del messaggio. Questi dati verranno usati esclusivamente per rispondere alle richieste, per finalit\u00e0 editoriali o per la gestione di comunicazioni tra l&#8217;utente e l&#8217;operatore.<\/p>\n<h2>Non gestione di ordini, pagamenti e spedizioni<\/h2>\n<p>Questo sito non processa ordini, non raccoglie dati di pagamento, non tratta indirizzi di fatturazione e non trasferisce dati a corrieri o servizi di spedizione: non vengono effettuate vendite tramite questo dominio. Qualsiasi pulsante con diciture tipo &#8220;Compra&#8221;, &#8220;Ordina&#8221; o simili reindirizza a siti esterni gestiti dai produttori o venditori autorizzati; Farmacia Curiamo non \u00e8 parte delle transazioni che seguono questi link, non riceve pagamenti, non detiene magazzino e non ha accesso agli ordini effettuati su siti terzi.<\/p>\n<h2>Finalit\u00e0 e basi giuridiche del trattamento<\/h2>\n<p>I dati sono trattati per le seguenti finalit\u00e0 principali:<\/p>\n<ul>\n<li>erogazione del servizio informativo e gestione dei contenuti editoriali (base giuridica: esecuzione di un servizio richiesto dall&#8217;utente o legittimo interesse dell&#8217;operatore);<\/li>\n<li>risposta a richieste di contatto o assistenza via email o modulo (base giuridica: esecuzione di misure precontrattuali o consenso quando richiesto);<\/li>\n<li>analisi del traffico e miglioramento del sito tramite strumenti di web analytics e cookie (base giuridica: consenso ove richiesto dalla normativa sui cookie o legittimo interesse per dati tecnici non intrusivi);<\/li>\n<li>adempimenti obblighi legali o tutela di diritti in sede giudiziaria (base giuridica: obbligo legale o esigenza di difesa in giudizio).<\/li>\n<\/ul>\n<h2>Cookies e web analytics<\/h2>\n<p>Il sito utilizza cookie propri e di terze parti per finalit\u00e0 tecniche, funzionali e di analisi. I cookie tecnici sono necessari per il funzionamento del sito; altri cookie, come quelli per l&#8217;analisi statistica del traffico, vengono installati previa acquisizione del consenso dell&#8217;utente quando richiesto. Le informazioni aggregate generate dagli strumenti di analytics permettono di comprendere come gli utenti usano il sito e di migliorarne i contenuti.<\/p>\n<p>Per informazioni dettagliate sui cookie in uso e su come gestirli, \u00e8 disponibile un apposito banner informativo al primo accesso e le eventuali pagine dedicate riportate nelle impostazioni del sito.<\/p>\n<h2>Servizi e terze parti<\/h2>\n<p>Il sito pu\u00f2 includere componenti forniti da terze parti, come CDN per la distribuzione dei contenuti, servizi di analytics, strumenti per la riproduzione di video incorporati e widget social. Tali servizi possono raccogliere dati direttamente dagli utenti in base alle rispettive informative privacy. L&#8217;uso di contenuti incorporati da terze parti implica che i dati possono essere trattati anche da tali soggetti; si raccomanda di consultare le informative privacy dei servizi esterni prima dell&#8217;uso.<\/p>\n<h2>Trasferimenti internazionali<\/h2>\n<p>Qualora alcuni fornitori esterni trattassero dati al di fuori dello Spazio Economico Europeo, Farmacia Curiamo adotta, ove applicabile, misure idonee per garantire un livello di protezione adeguato, quali l&#8217;adozione di clausole contrattuali standard o il ricorso a decisioni di adeguatezza. Per informazioni dettagliate sui trasferimenti internazionali e sulle relative garanzie, \u00e8 possibile scrivere a farmacia@curiamolacorruzione.it.<\/p>\n<h2>Sicurezza dei dati<\/h2>\n<p>Farmacia Curiamo adotta misure tecniche e organizzative ragionevoli per proteggere i dati personali da perdita, uso improprio, accesso non autorizzato, divulgazione, alterazione o distruzione. Nonostante ci\u00f2, nessun sistema di trasmissione via Internet o di archiviazione elettronica \u00e8 completamente sicuro, quindi non \u00e8 possibile garantire una protezione assoluta.<\/p>\n<h2>Conservazione dei dati<\/h2>\n<p>I dati personali vengono conservati per il tempo necessario a conseguire le finalit\u00e0 per le quali sono stati raccolti e in conformit\u00e0 alla normativa applicabile. I dati raccolti tramite moduli di contatto vengono mantenuti per il tempo necessario a gestire la richiesta e a eventuali obblighi di conservazione previsti dalla legge.<\/p>\n<h2>Diritti dell&#8217;interessato<\/h2>\n<p>Gli interessati hanno i diritti riconosciuti dal Regolamento (UE) 2016\/679, tra cui il diritto di accesso, rettifica, cancellazione, limitazione del trattamento, portabilit\u00e0 dei dati, opposizione al trattamento e il diritto di revocare il consenso in qualsiasi momento, senza pregiudicare la liceit\u00e0 del trattamento basata sul consenso prestato prima della revoca.<\/p>\n<p>Per esercitare i propri diritti o per ricevere informazioni sul trattamento dei dati, inviare una richiesta via email a farmacia@curiamolacorruzione.it indicando l&#8217;oggetto della richiesta e le informazioni necessarie per identificarvi. Per informazioni sul ricorso all&#8217;autorit\u00e0 di controllo competente per i reclami, scrivere a farmacia@curiamolacorruzione.it.<\/p>\n<h2>Responsabilit\u00e0 sui contenuti e dichiarazioni obbligatorie<\/h2>\n<p>Le informazioni pubblicate su questo sito hanno finalit\u00e0 editoriale e informativa. L&#8217;amministrazione di Farmacia Curiamo non \u00e8 responsabile per l&#8217;accuratezza, la completezza, la legalit\u00e0 o l&#8217;aggiornamento delle informazioni relative a prodotti, prezzi, promozioni o offerte menzionate negli articoli. I contenuti non rappresentano consulenza medica n\u00e9 offerta di vendita vincolante.<\/p>\n<p>Farmacia Curiamo non rivendica la propriet\u00e0 n\u00e9 intende violare marchi, diritti d&#8217;autore o altre propriet\u00e0 intellettuali di produttori o titolari di diritti. Il sito non intrattiene rapporti legali, commerciali o organizzativi con eventuali precedenti proprietari del dominio curiamolacorruzione.it o con contenuti pubblicati in passato. Richieste di rimozione o segnalazioni da parte dei titolari dei diritti possono essere inviate a farmacia@curiamolacorruzione.it e saranno esaminate tempestivamente.<\/p>\n<h2>Acquisti esterni e pulsanti di reindirizzamento<\/h2>\n<p>Tutti i pulsanti denominati &#8220;Compra&#8221;, &#8220;Ordina&#8221;, &#8220;Acquista&#8221; o simili presenti sul sito reindirizzano a pagine ufficiali di produttori o venditori autorizzati. Cliccando tali link l&#8217;utente viene trasferito su un sito esterno: la privacy e il trattamento dei dati su tali siti sono regolati dalle rispettive informative di quei soggetti. Farmacia Curiamo non trasmette dati personali ai venditori esterni, non riceve pagamenti, non gestisce resi, non interviene in controversie commerciali e non \u00e8 responsabile di prezzi, disponibilit\u00e0, consegne, rimborsi, garanzie o assistenza post-vendita relativi ai prodotti acquistati su siti esterni. Per qualsiasi questione relativa a ordini, consegne, resi o rimborsi occorre rivolgersi al venditore ufficiale indicato dalla pagina esterna aperta dopo il clic.<\/p>\n<h2>Contatti<\/h2>\n<p>Per richieste, informazioni sulla privacy, segnalazioni di violazioni di diritti d&#8217;autore o per esercitare i diritti dell&#8217;interessato, contattare:<\/p>\n<p><strong>Farmacia Curiamo<\/strong><br \/>\nEmail: farmacia@curiamolacorruzione.it<br \/>\nTelefono: +39 345 511 1255<br \/>\nIndirizzo: Largo Giuseppe Toniolo, 8, 00186 Roma<\/p>\n<h2>Informazioni aggiuntive<\/h2>\n<p>Per ulteriori dettagli sulla gestione dei dati personali o per ottenere copia di policy e informative correlate, inviare una richiesta a farmacia@curiamolacorruzione.it durante l&#8217;orario di ufficio editoriale (Mon-Fri 09:00\u201318:00, esclusi i festivi).<\/p>\n<p><strong>Ultimo aggiornamento:<\/strong> 4 maggio 2026<\/p>\n","protected":false},"excerpt":{"rendered":"<p>Informativa sulla privacy &#8211; Farmacia Curiamo La presente Informativa descrive le modalit\u00e0 di raccolta, utilizzo e protezione dei dati personali da parte di Farmacia Curiamo, operatore di un servizio informativo-editoriale accessibile tramite il dominio curiamolacorruzione.it e la sua pagina pubblica https:\/\/www.curiamolacorruzione.it\/blog. Farmacia Curiamo fornisce contenuti a scopo informativo e di approfondimento: non \u00e8 una farmacia, [&hellip;]<\/p>\n","protected":false},"author":1,"featured_media":0,"parent":0,"menu_order":0,"comment_status":"closed","ping_status":"open","template":"","meta":{"footnotes":""},"class_list":["post-3","page","type-page","status-publish","hentry"],"yoast_head":"<!-- This site is optimized with the Yoast SEO plugin v27.5 - https:\/\/yoast.com\/product\/yoast-seo-wordpress\/ -->\n<title>Privacy Policy &#8211; Blog CuriamolaCorruzione<\/title>\n<meta name=\"robots\" content=\"index, follow, max-snippet:-1, max-image-preview:large, max-video-preview:-1\" \/>\n<link rel=\"canonical\" href=\"https:\/\/www.curiamolacorruzione.it\/blog\/privacy-policy\/\" \/>\n<meta property=\"og:locale\" content=\"it_IT\" \/>\n<meta property=\"og:type\" content=\"article\" \/>\n<meta property=\"og:title\" content=\"Privacy Policy &#8211; Blog CuriamolaCorruzione\" \/>\n<meta property=\"og:description\" content=\"Informativa sulla privacy &#8211; Farmacia Curiamo La presente Informativa descrive le modalit\u00e0 di raccolta, utilizzo e protezione dei dati personali da parte di Farmacia Curiamo, operatore di un servizio informativo-editoriale accessibile tramite il dominio curiamolacorruzione.it e la sua pagina pubblica https:\/\/www.curiamolacorruzione.it\/blog. Farmacia Curiamo fornisce contenuti a scopo informativo e di approfondimento: non \u00e8 una farmacia, [&hellip;]\" \/>\n<meta property=\"og:url\" content=\"https:\/\/www.curiamolacorruzione.it\/blog\/privacy-policy\/\" \/>\n<meta property=\"og:site_name\" content=\"Blog CuriamolaCorruzione\" \/>\n<meta property=\"article:modified_time\" content=\"2026-05-04T19:17:42+00:00\" \/>\n<meta property=\"og:image\" content=\"https:\/\/www.curiamolacorruzione.it\/blog\/wp-content\/uploads\/2023\/11\/curiamo_la_corruzione_logo.png\" \/>\n\t<meta property=\"og:image:width\" content=\"361\" \/>\n\t<meta property=\"og:image:height\" content=\"52\" \/>\n\t<meta property=\"og:image:type\" content=\"image\/png\" \/>\n<meta name=\"twitter:card\" content=\"summary_large_image\" \/>\n<meta name=\"twitter:label1\" content=\"Tempo di lettura stimato\" \/>\n\t<meta name=\"twitter:data1\" content=\"7 minuti\" \/>\n<script type=\"application\/ld+json\" class=\"yoast-schema-graph\">{\"@context\":\"https:\\\/\\\/schema.org\",\"@graph\":[{\"@type\":\"WebPage\",\"@id\":\"https:\\\/\\\/www.curiamolacorruzione.it\\\/blog\\\/privacy-policy\\\/\",\"url\":\"https:\\\/\\\/www.curiamolacorruzione.it\\\/blog\\\/privacy-policy\\\/\",\"name\":\"Privacy Policy &#8211; Blog CuriamolaCorruzione\",\"isPartOf\":{\"@id\":\"https:\\\/\\\/www.curiamolacorruzione.it\\\/blog\\\/#website\"},\"datePublished\":\"2023-11-29T22:47:22+00:00\",\"dateModified\":\"2026-05-04T19:17:42+00:00\",\"breadcrumb\":{\"@id\":\"https:\\\/\\\/www.curiamolacorruzione.it\\\/blog\\\/privacy-policy\\\/#breadcrumb\"},\"inLanguage\":\"it-IT\",\"potentialAction\":[{\"@type\":\"ReadAction\",\"target\":[\"https:\\\/\\\/www.curiamolacorruzione.it\\\/blog\\\/privacy-policy\\\/\"]}]},{\"@type\":\"BreadcrumbList\",\"@id\":\"https:\\\/\\\/www.curiamolacorruzione.it\\\/blog\\\/privacy-policy\\\/#breadcrumb\",\"itemListElement\":[{\"@type\":\"ListItem\",\"position\":1,\"name\":\"\u0413\u043b\u0430\u0432\u043d\u0430\u044f \u0441\u0442\u0440\u0430\u043d\u0438\u0446\u0430\",\"item\":\"https:\\\/\\\/www.curiamolacorruzione.it\\\/blog\\\/\"},{\"@type\":\"ListItem\",\"position\":2,\"name\":\"Privacy Policy\"}]},{\"@type\":\"WebSite\",\"@id\":\"https:\\\/\\\/www.curiamolacorruzione.it\\\/blog\\\/#website\",\"url\":\"https:\\\/\\\/www.curiamolacorruzione.it\\\/blog\\\/\",\"name\":\"Blog CuriamolaCorruzione\",\"description\":\"\",\"publisher\":{\"@id\":\"https:\\\/\\\/www.curiamolacorruzione.it\\\/blog\\\/#organization\"},\"potentialAction\":[{\"@type\":\"SearchAction\",\"target\":{\"@type\":\"EntryPoint\",\"urlTemplate\":\"https:\\\/\\\/www.curiamolacorruzione.it\\\/blog\\\/?s={search_term_string}\"},\"query-input\":{\"@type\":\"PropertyValueSpecification\",\"valueRequired\":true,\"valueName\":\"search_term_string\"}}],\"inLanguage\":\"it-IT\"},{\"@type\":\"Organization\",\"@id\":\"https:\\\/\\\/www.curiamolacorruzione.it\\\/blog\\\/#organization\",\"name\":\"Blog CuriamolaCorruzione\",\"url\":\"https:\\\/\\\/www.curiamolacorruzione.it\\\/blog\\\/\",\"logo\":{\"@type\":\"ImageObject\",\"inLanguage\":\"it-IT\",\"@id\":\"https:\\\/\\\/www.curiamolacorruzione.it\\\/blog\\\/#\\\/schema\\\/logo\\\/image\\\/\",\"url\":\"https:\\\/\\\/www.curiamolacorruzione.it\\\/blog\\\/wp-content\\\/uploads\\\/2023\\\/11\\\/curiamo_la_corruzione_logo.png\",\"contentUrl\":\"https:\\\/\\\/www.curiamolacorruzione.it\\\/blog\\\/wp-content\\\/uploads\\\/2023\\\/11\\\/curiamo_la_corruzione_logo.png\",\"width\":361,\"height\":52,\"caption\":\"Blog CuriamolaCorruzione\"},\"image\":{\"@id\":\"https:\\\/\\\/www.curiamolacorruzione.it\\\/blog\\\/#\\\/schema\\\/logo\\\/image\\\/\"}}]}<\/script>\n<!-- \/ Yoast SEO plugin. -->","yoast_head_json":{"title":"Privacy Policy &#8211; Blog CuriamolaCorruzione","robots":{"index":"index","follow":"follow","max-snippet":"max-snippet:-1","max-image-preview":"max-image-preview:large","max-video-preview":"max-video-preview:-1"},"canonical":"https:\/\/www.curiamolacorruzione.it\/blog\/privacy-policy\/","og_locale":"it_IT","og_type":"article","og_title":"Privacy Policy &#8211; Blog CuriamolaCorruzione","og_description":"Informativa sulla privacy &#8211; Farmacia Curiamo La presente Informativa descrive le modalit\u00e0 di raccolta, utilizzo e protezione dei dati personali da parte di Farmacia Curiamo, operatore di un servizio informativo-editoriale accessibile tramite il dominio curiamolacorruzione.it e la sua pagina pubblica https:\/\/www.curiamolacorruzione.it\/blog. Farmacia Curiamo fornisce contenuti a scopo informativo e di approfondimento: non \u00e8 una farmacia, [&hellip;]","og_url":"https:\/\/www.curiamolacorruzione.it\/blog\/privacy-policy\/","og_site_name":"Blog CuriamolaCorruzione","article_modified_time":"2026-05-04T19:17:42+00:00","og_image":[{"width":361,"height":52,"url":"https:\/\/www.curiamolacorruzione.it\/blog\/wp-content\/uploads\/2023\/11\/curiamo_la_corruzione_logo.png","type":"image\/png"}],"twitter_card":"summary_large_image","twitter_misc":{"Tempo di lettura stimato":"7 minuti"},"schema":{"@context":"https:\/\/schema.org","@graph":[{"@type":"WebPage","@id":"https:\/\/www.curiamolacorruzione.it\/blog\/privacy-policy\/","url":"https:\/\/www.curiamolacorruzione.it\/blog\/privacy-policy\/","name":"Privacy Policy &#8211; Blog CuriamolaCorruzione","isPartOf":{"@id":"https:\/\/www.curiamolacorruzione.it\/blog\/#website"},"datePublished":"2023-11-29T22:47:22+00:00","dateModified":"2026-05-04T19:17:42+00:00","breadcrumb":{"@id":"https:\/\/www.curiamolacorruzione.it\/blog\/privacy-policy\/#breadcrumb"},"inLanguage":"it-IT","potentialAction":[{"@type":"ReadAction","target":["https:\/\/www.curiamolacorruzione.it\/blog\/privacy-policy\/"]}]},{"@type":"BreadcrumbList","@id":"https:\/\/www.curiamolacorruzione.it\/blog\/privacy-policy\/#breadcrumb","itemListElement":[{"@type":"ListItem","position":1,"name":"\u0413\u043b\u0430\u0432\u043d\u0430\u044f \u0441\u0442\u0440\u0430\u043d\u0438\u0446\u0430","item":"https:\/\/www.curiamolacorruzione.it\/blog\/"},{"@type":"ListItem","position":2,"name":"Privacy Policy"}]},{"@type":"WebSite","@id":"https:\/\/www.curiamolacorruzione.it\/blog\/#website","url":"https:\/\/www.curiamolacorruzione.it\/blog\/","name":"Blog CuriamolaCorruzione","description":"","publisher":{"@id":"https:\/\/www.curiamolacorruzione.it\/blog\/#organization"},"potentialAction":[{"@type":"SearchAction","target":{"@type":"EntryPoint","urlTemplate":"https:\/\/www.curiamolacorruzione.it\/blog\/?s={search_term_string}"},"query-input":{"@type":"PropertyValueSpecification","valueRequired":true,"valueName":"search_term_string"}}],"inLanguage":"it-IT"},{"@type":"Organization","@id":"https:\/\/www.curiamolacorruzione.it\/blog\/#organization","name":"Blog CuriamolaCorruzione","url":"https:\/\/www.curiamolacorruzione.it\/blog\/","logo":{"@type":"ImageObject","inLanguage":"it-IT","@id":"https:\/\/www.curiamolacorruzione.it\/blog\/#\/schema\/logo\/image\/","url":"https:\/\/www.curiamolacorruzione.it\/blog\/wp-content\/uploads\/2023\/11\/curiamo_la_corruzione_logo.png","contentUrl":"https:\/\/www.curiamolacorruzione.it\/blog\/wp-content\/uploads\/2023\/11\/curiamo_la_corruzione_logo.png","width":361,"height":52,"caption":"Blog CuriamolaCorruzione"},"image":{"@id":"https:\/\/www.curiamolacorruzione.it\/blog\/#\/schema\/logo\/image\/"}}]}},"_links":{"self":[{"href":"https:\/\/www.curiamolacorruzione.it\/blog\/wp-json\/wp\/v2\/pages\/3","targetHints":{"allow":["GET"]}}],"collection":[{"href":"https:\/\/www.curiamolacorruzione.it\/blog\/wp-json\/wp\/v2\/pages"}],"about":[{"href":"https:\/\/www.curiamolacorruzione.it\/blog\/wp-json\/wp\/v2\/types\/page"}],"author":[{"embeddable":true,"href":"https:\/\/www.curiamolacorruzione.it\/blog\/wp-json\/wp\/v2\/users\/1"}],"replies":[{"embeddable":true,"href":"https:\/\/www.curiamolacorruzione.it\/blog\/wp-json\/wp\/v2\/comments?post=3"}],"version-history":[{"count":1,"href":"https:\/\/www.curiamolacorruzione.it\/blog\/wp-json\/wp\/v2\/pages\/3\/revisions"}],"predecessor-version":[{"id":3977,"href":"https:\/\/www.curiamolacorruzione.it\/blog\/wp-json\/wp\/v2\/pages\/3\/revisions\/3977"}],"wp:attachment":[{"href":"https:\/\/www.curiamolacorruzione.it\/blog\/wp-json\/wp\/v2\/media?parent=3"}],"curies":[{"name":"wp","href":"https:\/\/api.w.org\/{rel}","templated":true}]}}